{"id":95,"date":"2020-08-14T20:55:18","date_gmt":"2020-08-14T18:55:18","guid":{"rendered":"https:\/\/phoenixapotheke.com\/?page_id=95"},"modified":"2024-07-18T11:36:32","modified_gmt":"2024-07-18T09:36:32","slug":"kosmetik","status":"publish","type":"page","link":"https:\/\/phoenixapotheke.com\/index.php\/kosmetik\/","title":{"rendered":"Kosmetik"},"content":{"rendered":"\n<h1 class=\"has-text-color wp-block-heading\" style=\"color:#2ae818\"><mark style=\"background-color:rgba(0, 0, 0, 0);color:#82bb31\" class=\"has-inline-color\">Unsere Kompetenz: Kosmetik<\/mark><\/h1>\n\n\n\n<p>Wir bieten Ihnen ein breites, vor allem medizinisches, Kosmetiksortiment und ausf\u00fchrliche Beratung durch unsere Mitarbeiter.<\/p>\n\n\n\n<p>Die Haut ist das gr\u00f6\u00dfte Organ unseres K\u00f6rpers. Neben zahlreichen Schutzfunktionen dient sie z. B. auch dem Stoffaustausch und reguliert den W\u00e4rmehaushalt.<\/p>\n\n\n\n<p>Die richtige Pflege der Haut ist somit ein wichtiger Faktor f\u00fcr die Gesundheit und das Wolhlbefinden. Denn nur so kann die optimale Funktion und eine Regenerierung bei Erkrankungen erreicht werden.<\/p>\n\n\n\n<p>Um Sie optimal versorgen zu k\u00f6nnen, legen wir gro\u00dfen Wert auf eine ausf\u00fchrliche Beratung. Damit wir diese gew\u00e4hrleisten k\u00f6nnen, besuchen alle unsere Mitarbeiter regelm\u00e4\u00dfig Fortbildungen, um f\u00fcr Sie auf dem neuesten Wissensstand zu sein.<\/p>\n\n\n\n<p><\/p>\n\n\n\n<p>Sollte Ihre Hautpflege nicht in unseren Apotheken vor Ort sein, bestellen wir Ihr Produkt gern f\u00fcr Sie, sofern dies uns m\u00f6glich ist. <\/p>\n\n\n\n<hr class=\"wp-block-separator has-css-opacity is-style-wide\"\/>\n\n\n\n<p><\/p>\n\n\n\n<h2 class=\"wp-block-heading\">Unser aktuelles Sortiment:<\/h2>\n\n\n\n<figure class=\"wp-block-image aligncenter size-large\"><img loading=\"lazy\" decoding=\"async\" width=\"270\" height=\"110\" src=\"https:\/\/phoenixapotheke.com\/wp-content\/uploads\/2020\/08\/cache_5060847.jpg\" alt=\"\" class=\"wp-image-199\"\/><\/figure>\n\n\n\n<hr class=\"wp-block-separator has-css-opacity is-style-wide\"\/>\n\n\n\n<figure class=\"wp-block-image aligncenter size-large\"><img loading=\"lazy\" decoding=\"async\" width=\"270\" height=\"111\" src=\"https:\/\/phoenixapotheke.com\/wp-content\/uploads\/2020\/08\/cache_5060885.jpg\" alt=\"\" class=\"wp-image-200\"\/><\/figure>\n\n\n\n<hr class=\"wp-block-separator has-css-opacity is-style-wide\"\/>\n\n\n\n<figure class=\"wp-block-image aligncenter size-large\"><img loading=\"lazy\" decoding=\"async\" width=\"270\" height=\"90\" src=\"https:\/\/phoenixapotheke.com\/wp-content\/uploads\/2020\/08\/cache_5060805.jpg\" alt=\"\" class=\"wp-image-201\"\/><\/figure>\n\n\n\n<hr class=\"wp-block-separator has-css-opacity is-style-wide\"\/>\n\n\n\n<hr class=\"wp-block-separator has-css-opacity is-style-wide\"\/>\n\n\n\n<figure class=\"wp-block-image aligncenter size-large\"><img loading=\"lazy\" decoding=\"async\" width=\"270\" height=\"109\" src=\"https:\/\/phoenixapotheke.com\/wp-content\/uploads\/2020\/08\/cache_6377017.jpg\" alt=\"\" class=\"wp-image-203\"\/><\/figure>\n\n\n\n<hr class=\"wp-block-separator has-css-opacity is-style-wide\"\/>\n\n\n\n<hr class=\"wp-block-separator has-css-opacity is-style-wide\"\/>\n\n\n\n<figure class=\"wp-block-image aligncenter size-large\"><img loading=\"lazy\" decoding=\"async\" width=\"330\" height=\"88\" src=\"https:\/\/phoenixapotheke.com\/wp-content\/uploads\/2020\/08\/cache_9004475.jpg\" alt=\"\" class=\"wp-image-205\" srcset=\"https:\/\/phoenixapotheke.com\/wp-content\/uploads\/2020\/08\/cache_9004475.jpg 330w, https:\/\/phoenixapotheke.com\/wp-content\/uploads\/2020\/08\/cache_9004475-300x80.jpg 300w\" sizes=\"auto, (max-width: 330px) 100vw, 330px\" \/><\/figure>\n\n\n\n<hr class=\"wp-block-separator has-css-opacity is-style-wide\"\/>\n\n\n\n<figure class=\"wp-block-image aligncenter size-large\"><img loading=\"lazy\" decoding=\"async\" width=\"270\" height=\"61\" src=\"https:\/\/phoenixapotheke.com\/wp-content\/uploads\/2020\/08\/cache_5206837.jpg\" alt=\"\" class=\"wp-image-206\"\/><\/figure>\n\n\n\n<hr class=\"wp-block-separator has-css-opacity is-style-wide\"\/>\n\n\n\n<figure class=\"wp-block-image aligncenter size-large\"><img loading=\"lazy\" decoding=\"async\" width=\"210\" height=\"90\" src=\"https:\/\/phoenixapotheke.com\/wp-content\/uploads\/2020\/08\/cache_5060897.jpg\" alt=\"\" class=\"wp-image-271\"\/><\/figure>\n","protected":false},"excerpt":{"rendered":"<p>Unsere Kompetenz: Kosmetik Wir bieten Ihnen ein breites, vor allem medizinisches, Kosmetiksortiment und ausf\u00fchrliche Beratung durch unsere Mitarbeiter. Die Haut ist das gr\u00f6\u00dfte Organ unseres K\u00f6rpers. Neben zahlreichen Schutzfunktionen dient sie z. B. auch dem Stoffaustausch und reguliert den W\u00e4rmehaushalt.<\/p>\n","protected":false},"author":7,"featured_media":0,"parent":0,"menu_order":0,"comment_status":"closed","ping_status":"closed","template":"","meta":{"footnotes":""},"class_list":["post-95","page","type-page","status-publish","hentry"],"_links":{"self":[{"href":"https:\/\/phoenixapotheke.com\/index.php\/wp-json\/wp\/v2\/pages\/95","targetHints":{"allow":["GET"]}}],"collection":[{"href":"https:\/\/phoenixapotheke.com\/index.php\/wp-json\/wp\/v2\/pages"}],"about":[{"href":"https:\/\/phoenixapotheke.com\/index.php\/wp-json\/wp\/v2\/types\/page"}],"author":[{"embeddable":true,"href":"https:\/\/phoenixapotheke.com\/index.php\/wp-json\/wp\/v2\/users\/7"}],"replies":[{"embeddable":true,"href":"https:\/\/phoenixapotheke.com\/index.php\/wp-json\/wp\/v2\/comments?post=95"}],"version-history":[{"count":13,"href":"https:\/\/phoenixapotheke.com\/index.php\/wp-json\/wp\/v2\/pages\/95\/revisions"}],"predecessor-version":[{"id":743,"href":"https:\/\/phoenixapotheke.com\/index.php\/wp-json\/wp\/v2\/pages\/95\/revisions\/743"}],"wp:attachment":[{"href":"https:\/\/phoenixapotheke.com\/index.php\/wp-json\/wp\/v2\/media?parent=95"}],"curies":[{"name":"wp","href":"https:\/\/api.w.org\/{rel}","templated":true}]}}