{"id":3,"date":"2020-07-02T09:05:02","date_gmt":"2020-07-02T07:05:02","guid":{"rendered":"http:\/\/fojb.de\/?page_id=3"},"modified":"2023-11-14T11:26:14","modified_gmt":"2023-11-14T10:26:14","slug":"datenschutzerklaerung","status":"publish","type":"page","link":"https:\/\/phoenixapotheke.com\/index.php\/datenschutzerklaerung\/","title":{"rendered":"Datenschutzerkl\u00e4rung"},"content":{"rendered":"\n<h1 class=\"wp-block-heading\">Datenschutzerkl\u00e4rung<\/h1>\n\n\n\n<p>Ph\u00f6nix-Apotheke im Heinenkamp<br>Inh.: Claudia Hagedorn<br>Brandgehaege 9, 38444 Wolfsburg<\/p>\n\n\n\n<p><br>Filialen: Ph\u00f6nix-Apotheke Jembke, Hauptstra\u00dfe 35, 38477 Jembke<\/p>\n\n\n\n<p>Ph\u00f6nix-Apotheke Ehmen, M\u00f6rser Stra\u00dfe 53, 38442 Wolfsburg<br><br>(Verantwortlicher gem\u00e4\u00df EU-Datenschutz-Grundverordnung [EU-DSGVO])<br><br><br>Wir freuen uns \u00fcber Ihr Interesse an unserem Unternehmen und unseren Dienstleistungen und m\u00f6chten, dass Sie sich beim Besuch unserer Internetseiten auch hinsichtlich des Schutzes Ihrer personenbezogenen Daten sicher f\u00fchlen.<br><br>Wir nehmen den Schutz von personenbezogenen Daten sehr ernst. Daher ist die Beachtung der Bestimmungen der EU-Datenschutz-Grundverordnung (EU-DSGVO) sowie der weiteren einschl\u00e4gigen Datenschutzgesetze f\u00fcr uns eine Selbstverst\u00e4ndlichkeit. Wir m\u00f6chten, dass Sie wissen, wann wir welche Daten erheben und wie wir sie verwenden. Wir haben technische und organisatorische Ma\u00dfnahmen getroffen, die sicherstellen, dass die Vorschriften \u00fcber den Datenschutz sowohl von uns als auch von externen Dienstleistern beachtet werden.<br><br><br>Welche anonymen Daten erheben wir und zu welchem Zweck?<br><br>Wenn Sie unsere Internetseiten besuchen, speichern unsere Webserver automatisch die Daten, die Ihr Browser \u00fcbermittelt, um Ihnen den Besuch der Internetseiten zu erm\u00f6glichen und Sie so auf unser Leistungsangebot und auf unser Unternehmen hinweisen zu k\u00f6nnen. Dies sind:<br><br>&#8211; der Name Ihres Internet Service Providers,<br>&#8211; die Internetseite, von der aus Sie uns besuchen, sowie das Datum und die Uhrzeit Ihres Besuchs,<br>&#8211; die jeweils \u00fcbertragene Datenmenge,<br>&#8211; Ihr Browser, die Sprache und Version der Browsersoftware sowie Ihr Betriebssystem und dessen Oberfl\u00e4che.<br><br>Wir werten diese technischen Daten anonym und lediglich zu statistischen Zwecken aus, um unseren Internetauftritt zu optimieren und unsere Internetangebote noch attraktiver gestalten zu k\u00f6nnen. Diese anonymen Daten werden getrennt von personenbezogenen Informationen auf gesicherten Systemen gespeichert und lassen keine R\u00fcckschl\u00fcsse auf eine individuelle Person zu.<br><br><br>Welche personenbezogenen Daten erheben wir und zu welchem Zweck?<br><br>Im Folgenden zeigen wir Ihnen auf, f\u00fcr welche verschiedenen Zwecke wir welche Daten im Rahmen dieser Webseite erheben:<br><br><br><br>1. Datenverarbeitung durch Verwendung von Cookies<br><br>Unsere Webseite verwendet Cookies. Das sind Textdateien, die auf Ihrem Computer gespeichert werden, um Pr\u00e4ferenzen der Besucher verfolgen und unser Internetangebot entsprechend optimal gestalten zu k\u00f6nnen.<br><br>Wir nutzen zum einen Transiente Cookies. Diese werden automatisiert gel\u00f6scht, wenn Sie den Browser schlie\u00dfen. Dazu z\u00e4hlen insbesondere Session-Cookies. Sie speichern eine sog. Session-ID, mit welcher sich verschiedene Anfragen Ihres Browsers der gemeinsamen Sitzung zuordnen lassen. Dadurch kann Ihr Rechner wiedererkannt werden, wenn Sie auf die Website zur\u00fcckkehren. Die Session-Cookies werden gel\u00f6scht, wenn Sie sich ausloggen oder Sie den Browser schlie\u00dfen.<br><br>Dar\u00fcber hinaus nutzen wir Persistente Cookies, diese werden automatisiert nach zwei Monaten gel\u00f6scht.<br><br>Um das Speichern von Cookies zu verhindern, muss in den Browser-Einstellungen \u201ckeine Cookies akzeptieren\u201d ausgew\u00e4hlt werden. Wenn keine Cookies vom Browser akzeptiert werden, kann der Funktionsumfang der Website eingeschr\u00e4nkt sein.<br><br>Diese gespeicherten Informationen werden getrennt von eventuell weiter bei uns angegeben Daten gespeichert. Insbesondere werden die Daten der Cookies nicht mit Ihren weiteren Daten verkn\u00fcpft.<br><br>Rechtsgrundlage der Datenverarbeitung ist Art. 6 Abs. 1 lit. f EU-DSGVO.<br><br><br>2. Datenverarbeitung bei Nutzung unseres allgemeinen Kontaktformulars<br><br>Wenn Sie uns \u00fcber unsere Internetseite kontaktieren, werden wir die folgenden Informationen verarbeiten, um auf Ihre Anfrage angemessen reagieren zu k\u00f6nnen:<br><br>&#8211; Datum und Uhrzeit der Anfrage,<br>&#8211; Ihr Vor- und Nachname sowie ggf. Titel,<br>&#8211; Ihre E-Mail-Adresse,<br>&#8211; Anfragetext.<br><br>Ohne Angabe dieser Daten k\u00f6nnen wir Ihre Anfrage nicht bearbeiten.<br><br>Folgende weiteren Daten k\u00f6nnen Sie freiwillig angeben:<br>&#8211; Ihre Telefonnummer und Anschrift.<br><br>Fehlen diese Daten, k\u00f6nnen wir Sie \u00fcber den entsprechenden Weg nicht kontaktieren, sondern ausschlie\u00dflich \u00fcber Ihre E-Mail-Adresse.<br><br>Die Daten werden gel\u00f6scht, sobald sie f\u00fcr die Bearbeitung Ihrer Anfrage nicht mehr erforderlich sind.<br>Rechtsgrundlage der Datenverarbeitung ist Art. 6 Abs. 1 lit. f EU-DSGVO, soweit die Bearbeitung Ihrer Anfrage zur Erl\u00e4uterung unserer Leistungen und unseres Unternehmens erfolgt. Sollte Ihre Anfrage in Vorbereitung eines Vertragsabschlusses erfolgen, ist Rechtsgrundlage Art. 6 Abs. 1 lit. b EU-DSGVO.<br><br><br>Was gilt allgemein f\u00fcr alle F\u00e4lle der Datenverarbeitung?<br><br>Die Daten werden f\u00fcr den Zweck der Abrechnung an folgenden Dritten \u00fcbermittelt und von diesem verarbeitet: <\/p>\n\n\n\n<p><\/p>\n\n\n\n<p>GfI Gesellschaft f\u00fcr Informations-<\/p>\n\n\n\n<p>und Datenverarbeitung mbH<\/p>\n\n\n\n<p>Bauerland 3<\/p>\n\n\n\n<p>28259 Bremen<\/p>\n\n\n\n<p>Telefon: 0421 5762-0<\/p>\n\n\n\n<p>Telefax: 0421 5762-299<\/p>\n\n\n\n<p>Web: <a href=\"http:\/\/www.gfi-bremen.de\">www.gfi-bremen.de<\/a><\/p>\n\n\n\n<p>E-Mail: <a href=\"mailto:info@gfi-bremen.de\">info@gfi-bremen.de<\/a><\/p>\n\n\n\n<p><\/p>\n\n\n\n<p>LAUER-FISCHER GmbH<\/p>\n\n\n\n<p>Dr.-Mack-Stra\u00dfe 95<\/p>\n\n\n\n<p>90762 F\u00fcrth<\/p>\n\n\n\n<p>Telefon 09 11 \/ 74 32 &#8211; 0<\/p>\n\n\n\n<p>Telefax 09 11 \/ 74 32 &#8211; 100<\/p>\n\n\n\n<p>E-Mail <a href=\"mailto:info.lauer@cgm.com\">info.lauer@cgm.com<\/a><\/p>\n\n\n\n<p><br>Wir weisen darauf hin, dass wir Ihre Daten erst nach Ablauf einer gesetzlichen Aufbewahrungspflicht l\u00f6schen k\u00f6nnen, soweit eine solche besteht. Dies gilt entsprechend f\u00fcr eine etwaige Aufbewahrungspflicht aus einem Vertrag mit Ihnen.<br><br><br>Wie sichern wir Ihre Daten?<br><br>Wir haben technische und organisatorische Sicherheitsma\u00dfnahmen eingef\u00fchrt, um Ihre durch uns verarbeiteten Daten gegen zuf\u00e4llige oder vors\u00e4tzliche Manipulationen, Verluste, Zerst\u00f6rung oder gegen den Zugriff unberechtigter Personen zu sch\u00fctzen. Unsere Sicherheitsma\u00dfnahmen werden entsprechend der technologischen Entwicklung fortlaufend verbessert.<br><br>Unsere Mitarbeiter und ggf. datenverarbeitende Dritte sind von uns zur Vertraulichkeit verpflichtet.<br><br><br>Auskunfts- und Widerrufsrecht<br><br>Sie haben das Recht, von uns gem\u00e4\u00df EU-DSGVO jederzeit Auskunft dar\u00fcber zu verlangen, ob personenbezogene Daten \u00fcber Sie bei uns gespeichert sind. Des Weiteren stehen Ihnen in Bezug auf diese gespeicherten Daten folgende Rechte zu:<br><br>&#8211; das Recht auf Auskunft \u00fcber gespeicherte Daten (Art. 15 EU-DSGVO),<br>&#8211; das Recht auf Berichtigung unzutreffender Daten (Art. 16 EU-DSGVO),<br>&#8211; das Recht auf L\u00f6schung von Daten (Art. 17 EU-DSGVO),<br>&#8211; das Recht auf Einschr\u00e4nkung der Verarbeitung von Daten (Art. 18 EU- DSGVO),<br>&#8211; das Recht auf Widerspruch gegen unzumutbare Datenverarbeitung (Art. 21 EU-DSGVO) und<br>&#8211; das Recht auf Daten\u00fcbertragbarkeit (Art. 20 EU-DSGVO).<br><br>Wenn Sie eine Einwilligung zur Nutzung von Daten erteilt haben, k\u00f6nnen Sie diese jederzeit mit Wirkung f\u00fcr die Zukunft widerrufen.<br><br>Alle Informationsw\u00fcnsche, Auskunftsanfragen oder Widerspr\u00fcche zur Datenverarbeitung richten Sie bitte per E-Mail an post@phoenixapotheke.com oder an die im Impressum genannte Post-Adresse.<br><br>Sie haben zudem das Recht auf Beschwerde bei einer Aufsichtsbeh\u00f6rde, insbesondere in dem Mitgliedstaat Ihres Aufenthaltsorts, Ihres Arbeitsplatzes oder des Orts des mutma\u00dflichen Versto\u00dfes, wenn Sie der Ansicht sind, dass die Verarbeitung der Sie betreffenden personenbezogenen Daten gegen die EU-DSGVO verst\u00f6\u00dft (Art. 77 EU-DSGVO).<br><br><br>Kinder und Jugendliche<br><br>Personen unter 18 Jahren d\u00fcrfen ohne Zustimmung der Eltern oder Erziehungsberechtigten keine personenbezogenen Daten an uns \u00fcbermitteln. Wir fordern keine personenbezogenen Daten von Kindern und Jugendlichen an, sammeln diese nicht und geben sie nicht an Dritte weiter.<br><br><br>Weitere Informationen<br><br>Kontaktdaten unseres Datenschutzbeauftragten: datenschutz@phoenixapotheke.com<\/p>\n\n\n\n<p><br>Information nach Art. 13 Abs. 2 lit. e EU-DSGVO: Die Bereitstellung der personenbezogenen Daten ist weder gesetzlich noch vertraglich vorgeschrieben oder f\u00fcr einen Vertragsabschluss erforderlich. Sie sind nicht verpflichtet, die personenbezogenen Daten bereitzustellen. Die etwaigen Folgen einer Nichtbereitstellung entnehmen Sie bitte f\u00fcr den jeweiligen Datenverarbeitungsvorgang dem Absatz &#8222;Welche personenbezogenen Daten erheben wir und zu welchem Zweck?&#8220;.<br><br><br>\u00c4nderung unserer Datenschutzerkl\u00e4rung<br><br>Wir behalten uns das Recht vor, unsere Datenschutzma\u00dfnahmen zu ver\u00e4ndern, soweit dies wegen der technischen Entwicklung oder aufgrund ge\u00e4nderter Gesetzgebung oder Rechtsprechung erforderlich wird. In diesen F\u00e4llen werden wir auch unsere Datenschutzerkl\u00e4rung entsprechend anpassen. Bitte beachten Sie daher die jeweils aktuelle Version unserer Datenschutzerkl\u00e4rung.<\/p>\n\n\n\n<h2 class=\"wp-block-heading\">Google Analytics Erg\u00e4nzung<\/h2>\n\n\n\n<p>Diese Website benutzt Google Analytics, einen Webanalysedienst der Google Inc. (\u201eGoogle\u201c). Google Analytics verwendet sog. \u201eCookies\u201c, Textdateien, die auf Ihrem Computer gespeichert werden und die eine Analyse der Benutzung der Website durch Sie erm\u00f6glichen. Die durch den Cookie erzeugten Informationen \u00fcber Ihre Benutzung dieser Website werden in der Regel an einen Server von Google in den USA \u00fcbertragen und dort gespeichert. Im Falle der Aktivierung der IP-Anonymisierung auf dieser Webseite, wird Ihre IP-Adresse von Google jedoch innerhalb von Mitgliedstaaten der Europ\u00e4ischen Union oder in anderen Vertragsstaaten des Abkommens \u00fcber den Europ\u00e4ischen Wirtschaftsraum zuvor gek\u00fcrzt. Nur in Ausnahmef\u00e4llen wird die volle IP-Adresse an einen Server von Google in den USA \u00fcbertragen und dort gek\u00fcrzt. Im Auftrag des Betreibers dieser Website wird Google diese Informationen benutzen, um Ihre Nutzung der Website auszuwerten, um Reports \u00fcber die Websiteaktivit\u00e4ten zusammenzustellen und um weitere mit der Websitenutzung und der Internetnutzung verbundene Dienstleistungen gegen\u00fcber dem Websitebetreiber zu erbringen. Die im Rahmen von Google Analytics von Ihrem Browser \u00fcbermittelte IP-Adresse wird nicht mit anderen Daten von Google zusammengef\u00fchrt. Sie k\u00f6nnen die Speicherung der Cookies durch eine entsprechende Einstellung Ihrer Browser-Software verhindern; wir weisen Sie jedoch darauf hin, dass Sie in diesem Fall gegebenenfalls nicht s\u00e4mtliche Funktionen dieser Website vollumf\u00e4nglich werden nutzen k\u00f6nnen. Sie k\u00f6nnen dar\u00fcber hinaus die Erfassung der durch das Cookie erzeugten und auf Ihre Nutzung der Website bezogenen Daten (inkl. Ihrer IP-Adresse) an Google sowie die Verarbeitung dieser Daten durch Google verhindern, indem Sie das unter dem folgenden Link verf\u00fcgbare Browser-Plugin herunterladen und installieren: <a href=\"http:\/\/tools.google.com\/dlpage\/gaoptout\" target=\"_blank\" rel=\"noreferrer noopener\">http:\/\/tools.google.com\/dlpage\/gaoptout<\/a><br><br>Sie k\u00f6nnen die Erfassung durch Google Analytics verhindern, indem Sie auf folgenden <a>Link<\/a> klicken.<br>Es wird ein Opt-Out-Cookie gesetzt, der die zuk\u00fcnftige Erfassung Ihrer Daten beim Besuch dieser Website verhindert<br><br>N\u00e4here Informationen zu Nutzungsbedingungen und Datenschutz finden Sie unter den <a href=\"https:\/\/www.google.com\/analytics\/terms\/de.html\" target=\"_blank\" rel=\"noreferrer noopener\">Google Analytics Bedingungen<\/a> bzw. unter der <a href=\"https:\/\/www.google.com\/intl\/de\/policies\/privacy\/index.html\" target=\"_blank\" rel=\"noreferrer noopener\">Google Analytics \u00dcbersicht<\/a>. Wir weisen Sie darauf hin, dass auf dieser Webseite Google Analytics um den Code &#8222;gat._anonymizeIp();&#8220; erweitert wurde, um eine anonymisierte Erfassung von IP-Adressen (sog. IP-Masking) zu gew\u00e4hrleisten.<\/p>\n\n\n\n<h2 class=\"wp-block-heading\">reCAPTCHA<\/h2>\n\n\n\n<p>Zum Schutz Ihrer Anfragen per Internetformular verwenden wir den Dienst reCAPTCHA des Unternehmens Google Inc. (Google). Die Abfrage dient der Unterscheidung, ob die Eingabe durch einen Menschen oder missbr\u00e4uchlich durch automatisierte, maschinelle Verarbeitung erfolgt. Die Abfrage schlie\u00dft den Versand der IP-Adresse und ggf. weiterer von Google f\u00fcr den Dienst reCAPTCHA ben\u00f6tigter Daten an Google ein. Zu diesem Zweck wird Ihre Eingabe an Google \u00fcbermittelt und dort weiter verwendet. Ihre IP-Adresse wird von Google jedoch innerhalb von Mitgliedstaaten der Europ\u00e4ischen Union oder in anderen Vertragsstaaten des Abkommens \u00fcber den Europ\u00e4ischen Wirtschaftsraum zuvor gek\u00fcrzt. Nur in Ausnahmef\u00e4llen wird die volle IP-Adresse an einen Server von Google in den USA \u00fcbertragen und dort gek\u00fcrzt. Im Auftrag des Betreibers dieser Website wird Google diese Informationen benutzen, um Ihre Nutzung dieses Dienstes auszuwerten. Die im Rahmen von reCaptcha von Ihrem Browser \u00fcbermittelte IP-Adresse wird nicht mit anderen Daten von Google zusammengef\u00fchrt. F\u00fcr diese Daten gelten die abweichenden Datenschutzbestimmungen des Unternehmens Google. Weitere Informationen zu den Datenschutzrichtlinien von Google finden Sie unter: <a href=\"https:\/\/www.google.com\/intl\/de\/policies\/privacy\/\" target=\"_blank\" rel=\"noreferrer noopener\">https:\/\/www.google.com\/intl\/de\/policies\/privacy\/<\/a><\/p>\n\n\n\n<p><\/p>\n","protected":false},"excerpt":{"rendered":"<p>Datenschutzerkl\u00e4rung Ph\u00f6nix-Apotheke im HeinenkampInh.: Claudia HagedornBrandgehaege 9, 38444 Wolfsburg Filialen: Ph\u00f6nix-Apotheke Jembke, Hauptstra\u00dfe 35, 38477 Jembke Ph\u00f6nix-Apotheke Ehmen, M\u00f6rser Stra\u00dfe 53, 38442 Wolfsburg (Verantwortlicher gem\u00e4\u00df EU-Datenschutz-Grundverordnung [EU-DSGVO]) Wir freuen uns \u00fcber Ihr Interesse an unserem Unternehmen und unseren Dienstleistungen und<\/p>\n","protected":false},"author":1,"featured_media":0,"parent":0,"menu_order":0,"comment_status":"closed","ping_status":"open","template":"","meta":{"footnotes":""},"class_list":["post-3","page","type-page","status-publish","hentry"],"_links":{"self":[{"href":"https:\/\/phoenixapotheke.com\/index.php\/wp-json\/wp\/v2\/pages\/3","targetHints":{"allow":["GET"]}}],"collection":[{"href":"https:\/\/phoenixapotheke.com\/index.php\/wp-json\/wp\/v2\/pages"}],"about":[{"href":"https:\/\/phoenixapotheke.com\/index.php\/wp-json\/wp\/v2\/types\/page"}],"author":[{"embeddable":true,"href":"https:\/\/phoenixapotheke.com\/index.php\/wp-json\/wp\/v2\/users\/1"}],"replies":[{"embeddable":true,"href":"https:\/\/phoenixapotheke.com\/index.php\/wp-json\/wp\/v2\/comments?post=3"}],"version-history":[{"count":4,"href":"https:\/\/phoenixapotheke.com\/index.php\/wp-json\/wp\/v2\/pages\/3\/revisions"}],"predecessor-version":[{"id":676,"href":"https:\/\/phoenixapotheke.com\/index.php\/wp-json\/wp\/v2\/pages\/3\/revisions\/676"}],"wp:attachment":[{"href":"https:\/\/phoenixapotheke.com\/index.php\/wp-json\/wp\/v2\/media?parent=3"}],"curies":[{"name":"wp","href":"https:\/\/api.w.org\/{rel}","templated":true}]}}