{"id":277,"date":"2020-08-28T20:36:25","date_gmt":"2020-08-28T18:36:25","guid":{"rendered":"https:\/\/phoenixapotheke.com\/?page_id=277"},"modified":"2023-11-22T23:41:16","modified_gmt":"2023-11-22T22:41:16","slug":"phoenicard","status":"publish","type":"page","link":"https:\/\/phoenixapotheke.com\/index.php\/phoenicard\/","title":{"rendered":"phoeniCard &#8211; Unsere Kundenkarte"},"content":{"rendered":"\n<h1 class=\"wp-block-heading\"><mark style=\"background-color:rgba(0, 0, 0, 0);color:#82bb31\" class=\"has-inline-color\">Gesundheit \u00e0 la Card mit der phoeniCard<\/mark><\/h1>\n\n\n\n<hr class=\"wp-block-separator has-css-opacity is-style-wide\"\/>\n\n\n\n<h4 class=\"wp-block-heading\">Sparen \u00e0 la Card<\/h4>\n\n\n\n<p>Sie erhalten von uns bei jedem Einkauf phoeniPoints in H\u00f6he von 5 % des Einkaufsgegenwertes auf alle nicht verschreibungspflichtigen Arzneimittel und Produkte aus dem Selbstbedienungssortiment.<\/p>\n\n\n\n<h4 class=\"wp-block-heading\"> Beratung \u00e0 la Card<\/h4>\n\n\n\n<p>Kennen Sie das Gef\u00fchl, pl\u00f6tzlich nicht mehr zu wissen, wie die kleinen Pillen hei\u00dfen, die letztes Jahr so gut geholfen haben? Damit macht die phoeniCard endg\u00fcltig Schluss. Mit ihr k\u00f6nnen wir einmal gekaufte Medikamente jederzeit wiederfinden. <\/p>\n\n\n\n<h4 class=\"wp-block-heading\">\u00dcberblick \u00e0 la Card<\/h4>\n\n\n\n<p>Sie erhalten von uns kostenlos eine Jahresaufstellung Ihrer Zuzahlungen als Nachweis f\u00fcr die Krankenkasse und das Finanzamt. Mit der phoeniCard ben\u00f6tigen Sie keine Einzelbelege und kein Quittungsheft. <\/p>\n\n\n\n<h4 class=\"wp-block-heading\">Sicherheit \u00e0 la Card<\/h4>\n\n\n\n<p>Die phoeniCard gibt Ihnen Sicherheit beim Medikamentenkauf. Denn mit ihr wei\u00df unser Team genau, welche Medikamente Sie nehmen und welche Wechselwirkungen diese eventuell haben, ob selbst gekauft oder verordnet. <\/p>\n\n\n\n<h4 class=\"wp-block-heading\">Bequemlichkeit \u00e0 la Card<\/h4>\n\n\n\n<p>Wenn Sie von der Zuzahlung befreit sind, brauchen Sie Ihren Befreiungsausweis nur einmal vorzulegen. Wir k\u00f6nnen die G\u00fcltigkeit und die Dauer Ihres Befreiungs-bescheides speichern. Gern drucken wir Ihnen Medikationslisten f\u00fcr Ihre Krankenkasse oder das Finanzamt auf Wunsch.<\/p>\n\n\n\n<h4 class=\"wp-block-heading\">Information \u00e0 la Card<\/h4>\n\n\n\n<p>Unsere Apotheke informiert Sie gerne zu aktuellen Themen rund um die Gesundheit und Gesunderhaltung. Au\u00dferdem liegen st\u00e4ndig verschiedene Kundenzeitschriften und Informationen f\u00fcr Sie bereit.<\/p>\n\n\n\n<p><\/p>\n\n\n\n<p>Bitte legen Sie Ihre phoeniCard bei jedem Besuch in einer unserer Apotheken vor<\/p>\n","protected":false},"excerpt":{"rendered":"<p>Gesundheit \u00e0 la Card mit der phoeniCard Sparen \u00e0 la Card Sie erhalten von uns bei jedem Einkauf phoeniPoints in H\u00f6he von 5 % des Einkaufsgegenwertes auf alle nicht verschreibungspflichtigen Arzneimittel und Produkte aus dem Selbstbedienungssortiment. Beratung \u00e0 la Card<\/p>\n","protected":false},"author":7,"featured_media":0,"parent":0,"menu_order":0,"comment_status":"closed","ping_status":"closed","template":"","meta":{"footnotes":""},"class_list":["post-277","page","type-page","status-publish","hentry"],"_links":{"self":[{"href":"https:\/\/phoenixapotheke.com\/index.php\/wp-json\/wp\/v2\/pages\/277","targetHints":{"allow":["GET"]}}],"collection":[{"href":"https:\/\/phoenixapotheke.com\/index.php\/wp-json\/wp\/v2\/pages"}],"about":[{"href":"https:\/\/phoenixapotheke.com\/index.php\/wp-json\/wp\/v2\/types\/page"}],"author":[{"embeddable":true,"href":"https:\/\/phoenixapotheke.com\/index.php\/wp-json\/wp\/v2\/users\/7"}],"replies":[{"embeddable":true,"href":"https:\/\/phoenixapotheke.com\/index.php\/wp-json\/wp\/v2\/comments?post=277"}],"version-history":[{"count":7,"href":"https:\/\/phoenixapotheke.com\/index.php\/wp-json\/wp\/v2\/pages\/277\/revisions"}],"predecessor-version":[{"id":717,"href":"https:\/\/phoenixapotheke.com\/index.php\/wp-json\/wp\/v2\/pages\/277\/revisions\/717"}],"wp:attachment":[{"href":"https:\/\/phoenixapotheke.com\/index.php\/wp-json\/wp\/v2\/media?parent=277"}],"curies":[{"name":"wp","href":"https:\/\/api.w.org\/{rel}","templated":true}]}}