{"id":27,"date":"2020-07-05T11:41:12","date_gmt":"2020-07-05T09:41:12","guid":{"rendered":"http:\/\/fojb.de\/?page_id=27"},"modified":"2025-12-01T18:40:04","modified_gmt":"2025-12-01T17:40:04","slug":"startseite","status":"publish","type":"page","link":"https:\/\/phoenixapotheke.com\/","title":{"rendered":"Startseite"},"content":{"rendered":"\n<h1 class=\"has-text-align-left has-text-color wp-block-heading\" style=\"color:#82bb31\">Phoenix-Apotheken: Ihre Gesundheit liegt uns am Herzen<\/h1>\n\n\n\n<a href=\"\/barrierefrei\" class=\"barrierefrei-button\">Barrierefrei<\/a>\n\n\n\n<p class=\"has-text-align-left\">Wir sind f\u00fcr Ihre Gesundheit da: <br>Als serviceorientierte Apotheke beraten wir Sie in allen Fragen der Gesundheit kompetent, pers\u00f6nlich und nach aktuellem wissenschaftlichen Stand.  Dabei bieten wir selbstverst\u00e4ndlich nicht nur das klassische Apothekensortiment, sondern auch kosmetische Produkte und Gesundheitsservices, mit denen Sie sich wohlf\u00fchlen und gesund bleiben. Auch in der aktuellen Zeit mit vielen Lieferproblemen von Arzenimitteln haben wir viele wichtige Arzneimittel vorr\u00e4tig, damit wir Sie gut versorgen k\u00f6nnen. <\/p>\n\n\n\n<h3 class=\"has-text-align-left wp-block-heading\">Die Pluspunkte der Phoenix-Apotheken im \u00dcberblick<\/h3>\n\n\n\n<ul class=\"wp-block-list\" id=\"https:\/\/phoenixapotheke.com\/index.php\/verleih\/\"><li>gut geschultes Beratungspersonal<\/li><li>Spezialisierung durch regelm\u00e4\u00dfige Fortbildungen<\/li><li>Beratung auf Basis aktueller wissenschaftlicher Erkenntnisse <\/li><li>mehrsprachige Betreuung<\/li><li>Orthomol Kompetenzapotheke<\/li><li>Verleih von Milchpumpen<\/li><li>gro\u00dfes Lager und kurze Bestellzeiten<\/li><li>umfangreiches Kosmetiksortiment<\/li><li>kostenloser Botenservice <\/li><li>drei Filialen in Wolfsburg und Jembke<\/li><\/ul>\n\n\n\n<h3 class=\"has-text-align-left wp-block-heading\">Sie m\u00f6chten uns und unsere Services noch besser kennenlernen?<\/h3>\n\n\n\n<p class=\"has-text-align-left\">Nutzen Sie auch die weiteren Informationen in diesem Bereich und schauen Sie bei unseren <a href=\"https:\/\/phoenixapotheke.com\/index.php\/services\/\"><span style=\"color:#82bb31\" class=\"has-inline-color\">Services<\/span><\/a><span style=\"color:#82bb31\" class=\"has-inline-color\"> <\/span>vorbei.<\/p>\n\n\n\n<h2 class=\"wp-block-heading\"><\/h2>\n\n\n\n<h2 class=\"wp-block-heading\"><\/h2>\n\n\n\n<h2 class=\"has-vivid-red-color has-text-color wp-block-heading\"><\/h2>\n\n\n\n<p><\/p>\n","protected":false},"excerpt":{"rendered":"<p>Phoenix-Apotheken: Ihre Gesundheit liegt uns am Herzen Barrierefrei Wir sind f\u00fcr Ihre Gesundheit da: Als serviceorientierte Apotheke beraten wir Sie in allen Fragen der Gesundheit kompetent, pers\u00f6nlich und nach aktuellem wissenschaftlichen Stand. Dabei bieten wir selbstverst\u00e4ndlich nicht nur das klassische<\/p>\n","protected":false},"author":1,"featured_media":0,"parent":0,"menu_order":0,"comment_status":"closed","ping_status":"closed","template":"","meta":{"footnotes":""},"class_list":["post-27","page","type-page","status-publish","hentry"],"_links":{"self":[{"href":"https:\/\/phoenixapotheke.com\/index.php\/wp-json\/wp\/v2\/pages\/27","targetHints":{"allow":["GET"]}}],"collection":[{"href":"https:\/\/phoenixapotheke.com\/index.php\/wp-json\/wp\/v2\/pages"}],"about":[{"href":"https:\/\/phoenixapotheke.com\/index.php\/wp-json\/wp\/v2\/types\/page"}],"author":[{"embeddable":true,"href":"https:\/\/phoenixapotheke.com\/index.php\/wp-json\/wp\/v2\/users\/1"}],"replies":[{"embeddable":true,"href":"https:\/\/phoenixapotheke.com\/index.php\/wp-json\/wp\/v2\/comments?post=27"}],"version-history":[{"count":41,"href":"https:\/\/phoenixapotheke.com\/index.php\/wp-json\/wp\/v2\/pages\/27\/revisions"}],"predecessor-version":[{"id":767,"href":"https:\/\/phoenixapotheke.com\/index.php\/wp-json\/wp\/v2\/pages\/27\/revisions\/767"}],"wp:attachment":[{"href":"https:\/\/phoenixapotheke.com\/index.php\/wp-json\/wp\/v2\/media?parent=27"}],"curies":[{"name":"wp","href":"https:\/\/api.w.org\/{rel}","templated":true}]}}