{"id":186,"date":"2020-08-14T22:26:35","date_gmt":"2020-08-14T20:26:35","guid":{"rendered":"https:\/\/phoenixapotheke.com\/?page_id=186"},"modified":"2021-01-15T22:29:53","modified_gmt":"2021-01-15T21:29:53","slug":"verleih","status":"publish","type":"page","link":"https:\/\/phoenixapotheke.com\/index.php\/verleih\/","title":{"rendered":"Verleih"},"content":{"rendered":"\n<h1 class=\"has-text-color wp-block-heading\" style=\"color:#68e806\"><span style=\"color:#82bb31\" class=\"has-inline-color\">Unser Verleih-Service<\/span><\/h1>\n\n\n\n<p><\/p>\n\n\n\n<div class=\"wp-block-image\"><figure class=\"alignleft size-large is-resized\"><img loading=\"lazy\" decoding=\"async\" src=\"https:\/\/phoenixapotheke.com\/wp-content\/uploads\/2020\/08\/Ardo-Logo_cmyk-1024x226.jpg\" alt=\"\" class=\"wp-image-260\" width=\"512\" height=\"113\" srcset=\"https:\/\/phoenixapotheke.com\/wp-content\/uploads\/2020\/08\/Ardo-Logo_cmyk-1024x226.jpg 1024w, https:\/\/phoenixapotheke.com\/wp-content\/uploads\/2020\/08\/Ardo-Logo_cmyk-300x66.jpg 300w, https:\/\/phoenixapotheke.com\/wp-content\/uploads\/2020\/08\/Ardo-Logo_cmyk-768x170.jpg 768w, https:\/\/phoenixapotheke.com\/wp-content\/uploads\/2020\/08\/Ardo-Logo_cmyk-1536x339.jpg 1536w, https:\/\/phoenixapotheke.com\/wp-content\/uploads\/2020\/08\/Ardo-Logo_cmyk-2048x452.jpg 2048w\" sizes=\"auto, (max-width: 512px) 100vw, 512px\" \/><\/figure><\/div>\n\n\n\n<div class=\"wp-block-image\"><figure class=\"aligncenter size-large\"><img loading=\"lazy\" decoding=\"async\" width=\"124\" height=\"124\" src=\"https:\/\/phoenixapotheke.com\/wp-content\/uploads\/2020\/08\/index.png\" alt=\"\" class=\"wp-image-262\"\/><\/figure><\/div>\n\n\n\n<p><\/p>\n\n\n\n<p><strong>Bei uns k\u00f6nnen Sie folgende Ger\u00e4te entleihen:<\/strong><\/p>\n\n\n\n<ul class=\"wp-block-list\"><li>Elektrische Milchpumpen der Firmer Ardo (werden auch im Klinikum der Stadt&nbsp;Wolfsburg verwendet)<\/li><li>Digitale Babywaagen<\/li><li>Elektrische Inhalationsger\u00e4te der Firmer Pari<\/li><\/ul>\n\n\n\n<p>Bitte beachten Sie, dass f\u00fcr jedes Ger\u00e4t eine Kaution hinterlegt werden muss.<\/p>\n\n\n\n<hr class=\"wp-block-separator is-style-wide\"\/>\n\n\n\n<h4 class=\"wp-block-heading\">Sie m\u00f6chten wissen, ob ein Ger\u00e4t verf\u00fcgbar ist?<\/h4>\n\n\n\n<p>Rufen Sie uns an oder nehmen Sie direkt Kontakt auf \u00fcber unser <span style=\"color:#82bb31\" class=\"has-inline-color\"><a href=\"https:\/\/www.phoenixapotheke.com\/kontakt\/\">Kontaktformular<\/a>.<\/span><\/p>\n\n\n\n<hr class=\"wp-block-separator is-style-wide\"\/>\n\n\n\n<h2 class=\"wp-block-heading\"><strong>Informationen zu unseren Milchpumpen<\/strong><\/h2>\n\n\n\n<div class=\"wp-block-image\"><figure class=\"aligncenter\"><img decoding=\"async\" src=\"https:\/\/www.phoenixapotheke.com\/s\/cc_images\/cache_9546079.jpg?t=1554203161\" alt=\"\"\/><\/figure><\/div>\n\n\n\n<h3 class=\"wp-block-heading\"><strong>ARDO Carum<\/strong><\/h3>\n\n\n\n<p><strong>Die Milchpumpe f\u00fcr den professionellen Einsatz<\/strong><strong>\ufeff<\/strong><\/p>\n\n\n\n<h4 class=\"wp-block-heading\">Wichtige Eigenschaften im \u00dcberblick<\/h4>\n\n\n\n<ul class=\"wp-block-list\"><li>Vollautomatisches Abpumpen auf Tastendruck m\u00f6glich<\/li><li>Vakuum und Zyklus sind jederzeit individuell einstellbar &#8211; sowohl im Stimulationsmodus als auch im Abpumpmodus.<\/li><li>Maximale Sicherheit und Hygiene dank &#8222;VacuuSeal&#8220;<\/li><li>&#8222;Sensitive Programm&#8220; bei schmerzhaften, entz\u00fcndeten Brustwarzen<\/li><li>Besonders sanfter und angenehmer \u00dcbergang zwischen den Modi<\/li><li>Stark im Doppelpumpen dank \u201eDualCylinder\u201c Zweikolben-Technik<\/li><li>Abnehmbarer und leicht zu reinigender Doppelflaschenhalter\/Gefrierbeutelhalter<\/li><li>Komplett wischdesinfizierbar<\/li><li>Gro\u00dfes Farbdisplay mit intuitiver Men\u00fcf\u00fchrung<\/li><\/ul>\n\n\n\n<div class=\"wp-block-image\"><figure class=\"aligncenter\"><img decoding=\"async\" src=\"https:\/\/www.phoenixapotheke.com\/s\/cc_images\/cache_9546204.jpg?t=1554203178\" alt=\"\"\/><\/figure><\/div>\n\n\n\n<hr class=\"wp-block-separator is-style-wide\"\/>\n\n\n\n<h3 class=\"wp-block-heading\"><strong>ARDO Calypso<\/strong><\/h3>\n\n\n\n<p><strong>Die behutsame Milchpumpe<\/strong><\/p>\n\n\n\n<h4 class=\"wp-block-heading\">Wichtige Eigenschaften im \u00dcberblick<\/h4>\n\n\n\n<ul class=\"wp-block-list\"><li>Vakuum und Zyklus sind jederzeit individuell einstellbar!<\/li><li>Besonders leise<\/li><li>Der Betrieb ist mit Batterien und Netzadapter m\u00f6glich<\/li><li>F\u00fcr unterschiedliche Brustwarzengr\u00f6\u00dfen liegen drei verschiedene Brustglocken bei<\/li><li>Maximale Sicherheit, Hygiene und Schutz vor Krankheitserregern bzw. Verunreinigungen durch die \u201eVacuuSeal\u201d Technologie<\/li><li>OptiFlow massiert dank des Luftkammersystems und der d\u00fcnnen Bl\u00fctenfenster Ihre Brust aktiv und sorgt so in Verbindung mit dem besonders sanften Saugverhalten der Calypso f\u00fcr ein effizientes und angenehmes Abpumpen<\/li><li>Ein ansprechendes und kompaktes Design sowie die leise Funktion erm\u00f6glichen diskretes Abpumpen<\/li><li>Mit &#8222;ARDO UpgradeSet&#8220; zur Doppel-Milchpumpe umwandelbar<\/li><\/ul>\n\n\n\n<div class=\"wp-block-image\"><figure class=\"aligncenter\"><img decoding=\"async\" src=\"https:\/\/www.phoenixapotheke.com\/s\/cc_images\/cache_10752469.jpg?t=1554203192\" alt=\"\"\/><\/figure><\/div>\n\n\n\n<hr class=\"wp-block-separator is-style-wide\"\/>\n\n\n\n<h3 class=\"wp-block-heading\"><strong>ARDO Ameda Elit<\/strong>e<\/h3>\n\n\n\n<p>&nbsp;<strong>Die altbew\u00e4hrte Milchpumpe<\/strong><\/p>\n\n\n\n<h4 class=\"wp-block-heading\">Wichtige Eigenschaften im \u00dcberblick<\/h4>\n\n\n\n<ul class=\"wp-block-list\"><li>Vakuum und Zyklus sind individuell einstellbar!<\/li><li>Einfache Handhabung<\/li><li>Leise Funktion<\/li><li>Mit &#8222;ARDO UpgradeSet&#8220; zur Doppel-Milchpumpe umwandelbar<\/li><li>Einfach zu reinigen<\/li><\/ul>\n\n\n\n<p>Quelle: <a href=\"http:\/\/www.ardomedical.de\/\"><span style=\"color:#82bb31\" class=\"has-inline-color\">http:\/\/www.ardo.de<\/span><\/a><\/p>\n","protected":false},"excerpt":{"rendered":"<p>Unser Verleih-Service Bei uns k\u00f6nnen Sie folgende Ger\u00e4te entleihen: Elektrische Milchpumpen der Firmer Ardo (werden auch im Klinikum der Stadt&nbsp;Wolfsburg verwendet) Digitale Babywaagen Elektrische Inhalationsger\u00e4te der Firmer Pari Bitte beachten Sie, dass f\u00fcr jedes Ger\u00e4t eine Kaution hinterlegt werden muss.<\/p>\n","protected":false},"author":2,"featured_media":0,"parent":0,"menu_order":0,"comment_status":"closed","ping_status":"closed","template":"","meta":{"footnotes":""},"class_list":["post-186","page","type-page","status-publish","hentry"],"_links":{"self":[{"href":"https:\/\/phoenixapotheke.com\/index.php\/wp-json\/wp\/v2\/pages\/186","targetHints":{"allow":["GET"]}}],"collection":[{"href":"https:\/\/phoenixapotheke.com\/index.php\/wp-json\/wp\/v2\/pages"}],"about":[{"href":"https:\/\/phoenixapotheke.com\/index.php\/wp-json\/wp\/v2\/types\/page"}],"author":[{"embeddable":true,"href":"https:\/\/phoenixapotheke.com\/index.php\/wp-json\/wp\/v2\/users\/2"}],"replies":[{"embeddable":true,"href":"https:\/\/phoenixapotheke.com\/index.php\/wp-json\/wp\/v2\/comments?post=186"}],"version-history":[{"count":6,"href":"https:\/\/phoenixapotheke.com\/index.php\/wp-json\/wp\/v2\/pages\/186\/revisions"}],"predecessor-version":[{"id":432,"href":"https:\/\/phoenixapotheke.com\/index.php\/wp-json\/wp\/v2\/pages\/186\/revisions\/432"}],"wp:attachment":[{"href":"https:\/\/phoenixapotheke.com\/index.php\/wp-json\/wp\/v2\/media?parent=186"}],"curies":[{"name":"wp","href":"https:\/\/api.w.org\/{rel}","templated":true}]}}