{"id":161,"date":"2020-08-14T21:15:49","date_gmt":"2020-08-14T19:15:49","guid":{"rendered":"https:\/\/phoenixapotheke.com\/?page_id=161"},"modified":"2023-11-22T23:47:34","modified_gmt":"2023-11-22T22:47:34","slug":"services","status":"publish","type":"page","link":"https:\/\/phoenixapotheke.com\/index.php\/services\/","title":{"rendered":"Services"},"content":{"rendered":"\n<h1 class=\"has-text-color wp-block-heading\" style=\"color:#42d100\"><mark style=\"background-color:rgba(0, 0, 0, 0);color:#82bb31\" class=\"has-inline-color\">Unsere Services im \u00dcberblick<\/mark><\/h1>\n\n\n\n<p>Wir bieten sowohl grundlegende Leistungen als auch zus\u00e4tzliche Services, auf die sich unser Team spezialisiert, hat. <\/p>\n\n\n\n<p>Informieren Sie sich hier \u00fcber unser Angebot &#8211; bei weiteren Fragen helfen wir Ihnen gern in unsereren Apotheken.<\/p>\n\n\n\n<ul class=\"has-black-color has-text-color wp-block-list\"><li><a href=\"https:\/\/phoenixapotheke.com\/index.php\/verleih\/\" data-type=\"page\" data-id=\"186\"><mark style=\"background-color:rgba(0, 0, 0, 0);color:#82bb31\" class=\"has-inline-color\">Verleih<\/mark><\/a> von Milchpumpen und Inhalationsger\u00e4ten<\/li><li><a href=\"https:\/\/phoenixapotheke.com\/index.php\/phoenicard\/\" data-type=\"page\" data-id=\"277\"><mark style=\"background-color:rgba(0, 0, 0, 0);color:#82bb31\" class=\"has-inline-color\">phoeniCard<\/mark><\/a><\/li><li>pharmazeutische Dienstleistungen:<ul><li>Blutdruckmessung<\/li><li>Medikationsanalyse<\/li><li>Erkl\u00e4ren der Inhalationssysteme<\/li><\/ul><\/li><li>Anfertigung von Rezepturen<\/li><li>Botendienst<\/li><li>Orthomol Kompetenzapotheke<\/li><li>umfangreiches <a href=\"https:\/\/phoenixapotheke.com\/index.php\/kosmetik\/\">Kosmetik<\/a>sortiment<\/li><li>Reise- und Impfberatung<\/li><li>Bereitstellung von kostenlosem Infomaterial<\/li><li>Bestellung von Importmedikamenten<\/li><li><a href=\"https:\/\/www.aponet.de\/service\/notdienstapotheke-finden.html\">Notdienst<\/a><\/li><li>Hauttypenbestimmung<\/li><li>Bargeldlose Zahlung<\/li><li>Tax Free<\/li><\/ul>\n\n\n\n<p>Bitte beachten Sie, dass wir abh\u00e4nig vom Service eine Schutzgeb\u00fchr erheben m\u00fcssen. N\u00e4here Informationen dazu erhalten Sie in unseren Apotheken.<\/p>\n","protected":false},"excerpt":{"rendered":"<p>Unsere Services im \u00dcberblick Wir bieten sowohl grundlegende Leistungen als auch zus\u00e4tzliche Services, auf die sich unser Team spezialisiert, hat. Informieren Sie sich hier \u00fcber unser Angebot &#8211; bei weiteren Fragen helfen wir Ihnen gern in unsereren Apotheken. Verleih von<\/p>\n","protected":false},"author":7,"featured_media":0,"parent":0,"menu_order":0,"comment_status":"closed","ping_status":"closed","template":"","meta":{"footnotes":""},"class_list":["post-161","page","type-page","status-publish","hentry"],"_links":{"self":[{"href":"https:\/\/phoenixapotheke.com\/index.php\/wp-json\/wp\/v2\/pages\/161","targetHints":{"allow":["GET"]}}],"collection":[{"href":"https:\/\/phoenixapotheke.com\/index.php\/wp-json\/wp\/v2\/pages"}],"about":[{"href":"https:\/\/phoenixapotheke.com\/index.php\/wp-json\/wp\/v2\/types\/page"}],"author":[{"embeddable":true,"href":"https:\/\/phoenixapotheke.com\/index.php\/wp-json\/wp\/v2\/users\/7"}],"replies":[{"embeddable":true,"href":"https:\/\/phoenixapotheke.com\/index.php\/wp-json\/wp\/v2\/comments?post=161"}],"version-history":[{"count":11,"href":"https:\/\/phoenixapotheke.com\/index.php\/wp-json\/wp\/v2\/pages\/161\/revisions"}],"predecessor-version":[{"id":720,"href":"https:\/\/phoenixapotheke.com\/index.php\/wp-json\/wp\/v2\/pages\/161\/revisions\/720"}],"wp:attachment":[{"href":"https:\/\/phoenixapotheke.com\/index.php\/wp-json\/wp\/v2\/media?parent=161"}],"curies":[{"name":"wp","href":"https:\/\/api.w.org\/{rel}","templated":true}]}}